{"id":157,"date":"2026-03-25T11:08:34","date_gmt":"2026-03-25T11:08:34","guid":{"rendered":"https:\/\/kub-kom.com\/?page_id=157"},"modified":"2026-03-25T14:33:29","modified_gmt":"2026-03-25T14:33:29","slug":"le-concept-en-images","status":"publish","type":"page","link":"https:\/\/kub-kom.com\/?page_id=157","title":{"rendered":"Le concept en images"},"content":{"rendered":"<p>[et_pb_section fb_built=\u00a0\u00bb1&Prime; admin_label=\u00a0\u00bbProjects\u00a0\u00bb _builder_version=\u00a0\u00bb4.20.0&Prime; _module_preset=\u00a0\u00bbdefault\u00a0\u00bb locked=\u00a0\u00bboff\u00a0\u00bb collapsed=\u00a0\u00bbon\u00a0\u00bb global_colors_info=\u00a0\u00bb{}\u00a0\u00bb theme_builder_area=\u00a0\u00bbpost_content\u00a0\u00bb][et_pb_row _builder_version=\u00a0\u00bb4.20.0&Prime; _module_preset=\u00a0\u00bbdefault\u00a0\u00bb global_colors_info=\u00a0\u00bb{}\u00a0\u00bb theme_builder_area=\u00a0\u00bbpost_content\u00a0\u00bb][et_pb_column type=\u00a0\u00bb4_4&Prime; _builder_version=\u00a0\u00bb4.20.0&Prime; _module_preset=\u00a0\u00bbdefault\u00a0\u00bb global_colors_info=\u00a0\u00bb{}\u00a0\u00bb theme_builder_area=\u00a0\u00bbpost_content\u00a0\u00bb][et_pb_text _builder_version=\u00a0\u00bb4.27.4&Prime; _module_preset=\u00a0\u00bbc125e285-7527-411a-97a7-8aa8b666694c\u00a0\u00bb hover_enabled=\u00a0\u00bb0&Prime; global_colors_info=\u00a0\u00bb{}\u00a0\u00bb theme_builder_area=\u00a0\u00bbpost_content\u00a0\u00bb header_font_size=\u00a0\u00bb50px\u00a0\u00bb header_text_align=\u00a0\u00bbleft\u00a0\u00bb header_font=\u00a0\u00bb|||on|||||\u00a0\u00bb sticky_enabled=\u00a0\u00bb0&Prime;]<\/p>\n<h1>Le concept en images<\/h1>\n<p>[\/et_pb_text][\/et_pb_column][\/et_pb_row][et_pb_row column_structure=\u00a0\u00bb1_2,1_2&Prime; _builder_version=\u00a0\u00bb4.20.0&Prime; _module_preset=\u00a0\u00bbdefault\u00a0\u00bb global_colors_info=\u00a0\u00bb{}\u00a0\u00bb theme_builder_area=\u00a0\u00bbpost_content\u00a0\u00bb][et_pb_column type=\u00a0\u00bb1_2&Prime; _builder_version=\u00a0\u00bb4.20.0&Prime; _module_preset=\u00a0\u00bbdefault\u00a0\u00bb custom_padding_tablet=\u00a0\u00bb||30px||false|false\u00a0\u00bb custom_padding_phone=\u00a0\u00bb||30px||false|false\u00a0\u00bb custom_padding_last_edited=\u00a0\u00bbon|tablet\u00a0\u00bb global_colors_info=\u00a0\u00bb{}\u00a0\u00bb theme_builder_area=\u00a0\u00bbpost_content\u00a0\u00bb][et_pb_gallery _builder_version=\u00a0\u00bb4.27.4&Prime; _module_preset=\u00a0\u00bbdefault\u00a0\u00bb theme_builder_area=\u00a0\u00bbpost_content\u00a0\u00bb fullwidth=\u00a0\u00bbon\u00a0\u00bb gallery_ids=\u00a0\u00bb165,166&Prime; hover_enabled=\u00a0\u00bb0&Prime; sticky_enabled=\u00a0\u00bb0&Prime;][\/et_pb_gallery][et_pb_text _builder_version=\u00a0\u00bb4.27.4&Prime; _module_preset=\u00a0\u00bb567a0124-7c78-47da-9f0f-b324261bdc5d\u00a0\u00bb custom_margin=\u00a0\u00bb||10px||false|false\u00a0\u00bb hover_enabled=\u00a0\u00bb0&Prime; global_colors_info=\u00a0\u00bb{}\u00a0\u00bb theme_builder_area=\u00a0\u00bbpost_content\u00a0\u00bb sticky_enabled=\u00a0\u00bb0&Prime; header_4_font_size=\u00a0\u00bb22px\u00a0\u00bb header_4_font=\u00a0\u00bb|600||on|||||\u00a0\u00bb header_4_letter_spacing=\u00a0\u00bb0.1em\u00a0\u00bb]<\/p>\n<h4>F\u00eate du Bruit dans Landerneau<\/h4>\n<p>[\/et_pb_text][et_pb_text _builder_version=\u00a0\u00bb4.27.4&Prime; _module_preset=\u00a0\u00bb6bf6a01b-254e-4e48-b8d4-35456ebc2dc8&Prime; hover_enabled=\u00a0\u00bb0&Prime; global_colors_info=\u00a0\u00bb{}\u00a0\u00bb theme_builder_area=\u00a0\u00bbpost_content\u00a0\u00bb sticky_enabled=\u00a0\u00bb0&Prime;]<\/p>\n<p>Lors de la F\u00eate du Bruit \u00e0 Landerneau 2025, les KUB publicitaires <strong>Kub Kom<\/strong> ont \u00e9t\u00e9 install\u00e9s sur le site du festival pour diffuser des informations pratiques et orienter efficacement les festivaliers.<\/p>\n<p>Plac\u00e9s \u00e0 des points strat\u00e9giques, ces supports de communication visibles et modulables ont permis d\u2019indiquer les acc\u00e8s, les services et les diff\u00e9rentes zones de l\u2019\u00e9v\u00e9nement, tout en facilitant la circulation des passants.<\/p>\n<p>Une solution de <strong>communication terrain claire, utile et impactante<\/strong>, parfaitement adapt\u00e9e aux grands \u00e9v\u00e9nements.<\/p>\n<p>[\/et_pb_text][\/et_pb_column][et_pb_column type=\u00a0\u00bb1_2&Prime; _builder_version=\u00a0\u00bb4.20.0&Prime; _module_preset=\u00a0\u00bbdefault\u00a0\u00bb global_colors_info=\u00a0\u00bb{}\u00a0\u00bb theme_builder_area=\u00a0\u00bbpost_content\u00a0\u00bb][et_pb_gallery _builder_version=\u00a0\u00bb4.27.4&Prime; _module_preset=\u00a0\u00bbdefault\u00a0\u00bb theme_builder_area=\u00a0\u00bbpost_content\u00a0\u00bb fullwidth=\u00a0\u00bbon\u00a0\u00bb gallery_ids=\u00a0\u00bb172,171,170&Prime; hover_enabled=\u00a0\u00bb0&Prime; sticky_enabled=\u00a0\u00bb0&Prime;][\/et_pb_gallery][et_pb_text _builder_version=\u00a0\u00bb4.27.4&Prime; _module_preset=\u00a0\u00bb567a0124-7c78-47da-9f0f-b324261bdc5d\u00a0\u00bb custom_margin=\u00a0\u00bb||10px||false|false\u00a0\u00bb hover_enabled=\u00a0\u00bb0&Prime; global_colors_info=\u00a0\u00bb{}\u00a0\u00bb theme_builder_area=\u00a0\u00bbpost_content\u00a0\u00bb sticky_enabled=\u00a0\u00bb0&Prime; header_4_font_size=\u00a0\u00bb22px\u00a0\u00bb header_4_font=\u00a0\u00bb|600||on|||||\u00a0\u00bb header_4_letter_spacing=\u00a0\u00bb0.1em\u00a0\u00bb]<\/p>\n<h4>Portes ouvertes vive mobilier<\/h4>\n<p>[\/et_pb_text][et_pb_text _builder_version=\u00a0\u00bb4.27.4&Prime; _module_preset=\u00a0\u00bb6bf6a01b-254e-4e48-b8d4-35456ebc2dc8&Prime; hover_enabled=\u00a0\u00bb0&Prime; global_colors_info=\u00a0\u00bb{}\u00a0\u00bb theme_builder_area=\u00a0\u00bbpost_content\u00a0\u00bb sticky_enabled=\u00a0\u00bb0&Prime;]<\/p>\n<p>\u00c0 l\u2019occasion des portes ouvertes du magasin <strong>Vive Mobilier \u00e0 Landerneau<\/strong>, les KUB publicitaires <strong>Kub Kom<\/strong> ont \u00e9t\u00e9 install\u00e9s pour renforcer la visibilit\u00e9 de l\u2019\u00e9v\u00e9nement et attirer les visiteurs.<\/p>\n<p>Plac\u00e9s \u00e0 des emplacements strat\u00e9giques, ces supports impactants ont permis de signaler efficacement l\u2019op\u00e9ration commerciale et de guider les clients jusqu\u2019au magasin.<\/p>\n<p>Une visibilit\u00e9 renforc\u00e9e qui a contribu\u00e9 au <strong>succ\u00e8s de l\u2019\u00e9v\u00e9nement, avec un chiffre d\u2019affaires record<\/strong> pour ces portes ouvertes.<\/p>\n<p>[\/et_pb_text][\/et_pb_column][\/et_pb_row][et_pb_row column_structure=\u00a0\u00bb1_2,1_2&Prime; _builder_version=\u00a0\u00bb4.20.0&Prime; _module_preset=\u00a0\u00bbdefault\u00a0\u00bb global_colors_info=\u00a0\u00bb{}\u00a0\u00bb theme_builder_area=\u00a0\u00bbpost_content\u00a0\u00bb][et_pb_column type=\u00a0\u00bb1_2&Prime; _builder_version=\u00a0\u00bb4.20.0&Prime; _module_preset=\u00a0\u00bbdefault\u00a0\u00bb custom_padding_tablet=\u00a0\u00bb||30px||false|false\u00a0\u00bb custom_padding_phone=\u00a0\u00bb||30px||false|false\u00a0\u00bb custom_padding_last_edited=\u00a0\u00bbon|tablet\u00a0\u00bb global_colors_info=\u00a0\u00bb{}\u00a0\u00bb theme_builder_area=\u00a0\u00bbpost_content\u00a0\u00bb][et_pb_gallery _builder_version=\u00a0\u00bb4.27.4&Prime; _module_preset=\u00a0\u00bbdefault\u00a0\u00bb theme_builder_area=\u00a0\u00bbpost_content\u00a0\u00bb fullwidth=\u00a0\u00bbon\u00a0\u00bb gallery_ids=\u00a0\u00bb181,178,179,180&Prime; hover_enabled=\u00a0\u00bb0&Prime; sticky_enabled=\u00a0\u00bb0&Prime;][\/et_pb_gallery][et_pb_text _builder_version=\u00a0\u00bb4.27.4&Prime; _module_preset=\u00a0\u00bb567a0124-7c78-47da-9f0f-b324261bdc5d\u00a0\u00bb custom_margin=\u00a0\u00bb||10px||false|false\u00a0\u00bb hover_enabled=\u00a0\u00bb0&Prime; global_colors_info=\u00a0\u00bb{}\u00a0\u00bb theme_builder_area=\u00a0\u00bbpost_content\u00a0\u00bb sticky_enabled=\u00a0\u00bb0&Prime; header_4_font_size=\u00a0\u00bb22px\u00a0\u00bb header_4_font=\u00a0\u00bb|600||on|||||\u00a0\u00bb header_4_letter_spacing=\u00a0\u00bb0.1em\u00a0\u00bb]<\/p>\n<h4>Salon de L&rsquo;habitat de Brest<\/h4>\n<p>[\/et_pb_text][et_pb_text _builder_version=\u00a0\u00bb4.27.4&Prime; _module_preset=\u00a0\u00bb6bf6a01b-254e-4e48-b8d4-35456ebc2dc8&Prime; hover_enabled=\u00a0\u00bb0&Prime; global_colors_info=\u00a0\u00bb{}\u00a0\u00bb theme_builder_area=\u00a0\u00bbpost_content\u00a0\u00bb sticky_enabled=\u00a0\u00bb0&Prime;]<\/p>\n<p>\u00c0 l\u2019occasion du <strong>Salon de l\u2019Habitat de Brest<\/strong>, plusieurs exposants ont choisi les KUB publicitaires <strong>Kub Kom<\/strong> pour mettre en avant leur activit\u00e9 et renforcer leur visibilit\u00e9 aupr\u00e8s des visiteurs.<\/p>\n<p>Plac\u00e9s sur le salon, ces supports de communication originaux et modulables ont permis d\u2019attirer l\u2019attention, de valoriser les marques pr\u00e9sentes et de se d\u00e9marquer dans un environnement tr\u00e8s concurrentiel.<\/p>\n<p>Une solution efficace pour <strong>capter les regards et marquer les esprits<\/strong> lors d\u2019un \u00e9v\u00e9nement professionnel.<\/p>\n<p>[\/et_pb_text][\/et_pb_column][et_pb_column type=\u00a0\u00bb1_2&Prime; _builder_version=\u00a0\u00bb4.20.0&Prime; _module_preset=\u00a0\u00bbdefault\u00a0\u00bb global_colors_info=\u00a0\u00bb{}\u00a0\u00bb theme_builder_area=\u00a0\u00bbpost_content\u00a0\u00bb][et_pb_gallery _builder_version=\u00a0\u00bb4.27.4&Prime; _module_preset=\u00a0\u00bbdefault\u00a0\u00bb theme_builder_area=\u00a0\u00bbpost_content\u00a0\u00bb fullwidth=\u00a0\u00bbon\u00a0\u00bb gallery_ids=\u00a0\u00bb185,184&Prime; hover_enabled=\u00a0\u00bb0&Prime; sticky_enabled=\u00a0\u00bb0&Prime;][\/et_pb_gallery][et_pb_text _builder_version=\u00a0\u00bb4.27.4&Prime; _module_preset=\u00a0\u00bb567a0124-7c78-47da-9f0f-b324261bdc5d\u00a0\u00bb custom_margin=\u00a0\u00bb||10px||false|false\u00a0\u00bb hover_enabled=\u00a0\u00bb0&Prime; global_colors_info=\u00a0\u00bb{}\u00a0\u00bb theme_builder_area=\u00a0\u00bbpost_content\u00a0\u00bb sticky_enabled=\u00a0\u00bb0&Prime; header_4_font_size=\u00a0\u00bb22px\u00a0\u00bb header_4_font=\u00a0\u00bb|600||on|||||\u00a0\u00bb header_4_letter_spacing=\u00a0\u00bb0.1em\u00a0\u00bb]<\/p>\n<h4>Salon de l&rsquo;habitat de Quimper<\/h4>\n<p>[\/et_pb_text][et_pb_text _builder_version=\u00a0\u00bb4.27.4&Prime; _module_preset=\u00a0\u00bb6bf6a01b-254e-4e48-b8d4-35456ebc2dc8&Prime; hover_enabled=\u00a0\u00bb0&Prime; global_colors_info=\u00a0\u00bb{}\u00a0\u00bb theme_builder_area=\u00a0\u00bbpost_content\u00a0\u00bb sticky_enabled=\u00a0\u00bb0&Prime;]<\/p>\n<p>\u00c0 l\u2019occasion du <strong>Salon de l\u2019Habitat de Quimper<\/strong>, plusieurs exposants ont choisi les KUB publicitaires <strong>Kub Kom<\/strong> pour mettre en avant leur activit\u00e9 et renforcer leur visibilit\u00e9 aupr\u00e8s des visiteurs.<\/p>\n<p>Plac\u00e9s sur le salon, ces supports de communication originaux et modulables ont permis d\u2019attirer l\u2019attention, de valoriser les marques pr\u00e9sentes et de se d\u00e9marquer dans un environnement tr\u00e8s concurrentiel.<\/p>\n<p>Une solution efficace pour <strong>capter les regards et marquer les esprits<\/strong> lors d\u2019un \u00e9v\u00e9nement professionnel.<\/p>\n<p>[\/et_pb_text][\/et_pb_column][\/et_pb_row][\/et_pb_section]<\/p>\n","protected":false},"excerpt":{"rendered":"<p>Le concept en imagesF\u00eate du Bruit dans LanderneauLors de la F\u00eate du Bruit \u00e0 Landerneau 2025, les KUB publicitaires Kub Kom ont \u00e9t\u00e9 install\u00e9s sur le site du festival pour diffuser des informations pratiques et orienter efficacement les festivaliers. Plac\u00e9s \u00e0 des points strat\u00e9giques, ces supports de communication visibles et modulables ont permis d\u2019indiquer les [&hellip;]<\/p>\n","protected":false},"author":1,"featured_media":0,"parent":0,"menu_order":0,"comment_status":"closed","ping_status":"closed","template":"","meta":{"_et_pb_use_builder":"on","_et_pb_old_content":"","_et_gb_content_width":"","footnotes":""},"class_list":["post-157","page","type-page","status-publish","hentry"],"jetpack_sharing_enabled":true,"_links":{"self":[{"href":"https:\/\/kub-kom.com\/index.php?rest_route=\/wp\/v2\/pages\/157","targetHints":{"allow":["GET"]}}],"collection":[{"href":"https:\/\/kub-kom.com\/index.php?rest_route=\/wp\/v2\/pages"}],"about":[{"href":"https:\/\/kub-kom.com\/index.php?rest_route=\/wp\/v2\/types\/page"}],"author":[{"embeddable":true,"href":"https:\/\/kub-kom.com\/index.php?rest_route=\/wp\/v2\/users\/1"}],"replies":[{"embeddable":true,"href":"https:\/\/kub-kom.com\/index.php?rest_route=%2Fwp%2Fv2%2Fcomments&post=157"}],"version-history":[{"count":7,"href":"https:\/\/kub-kom.com\/index.php?rest_route=\/wp\/v2\/pages\/157\/revisions"}],"predecessor-version":[{"id":186,"href":"https:\/\/kub-kom.com\/index.php?rest_route=\/wp\/v2\/pages\/157\/revisions\/186"}],"wp:attachment":[{"href":"https:\/\/kub-kom.com\/index.php?rest_route=%2Fwp%2Fv2%2Fmedia&parent=157"}],"curies":[{"name":"wp","href":"https:\/\/api.w.org\/{rel}","templated":true}]}}